{"id":642,"date":"2020-07-07T16:00:00","date_gmt":"2020-07-07T14:00:00","guid":{"rendered":"http:\/\/bds-germany.com\/?page_id=642"},"modified":"2020-09-07T17:52:49","modified_gmt":"2020-09-07T15:52:49","slug":"company","status":"publish","type":"page","link":"https:\/\/bds-germany.com\/en\/company\/","title":{"rendered":"Company"},"content":{"rendered":"<p>[et_pb_section fb_built=&#8221;1&#8243; admin_label=&#8221;Header&#8221; _builder_version=&#8221;4.4.8&#8243; background_image=&#8221;https:\/\/bds-germany.com\/wp-content\/uploads\/2020\/06\/hg_grey.png&#8221; background_size=&#8221;initial&#8221; background_position=&#8221;top_left&#8221; background_repeat=&#8221;repeat&#8221; custom_margin=&#8221;0px||0px||true|false&#8221; custom_padding=&#8221;0px||0px|||&#8221;][et_pb_row _builder_version=&#8221;4.4.8&#8243; custom_margin=&#8221;0px||0px||true|false&#8221; custom_padding=&#8221;0px||0px|||&#8221;][et_pb_column type=&#8221;4_4&#8243; _builder_version=&#8221;4.4.8&#8243;][et_pb_image src=&#8221;https:\/\/bds-germany.com\/wp-content\/uploads\/2020\/06\/bds-header-netzwerk.jpg&#8221; title_text=&#8221;bds-header-netzwerk&#8221; _builder_version=&#8221;4.4.8&#8243;][\/et_pb_image][\/et_pb_column][\/et_pb_row][\/et_pb_section][et_pb_section fb_built=&#8221;1&#8243; admin_label=&#8221;Intro-Text&#8221; _builder_version=&#8221;4.4.8&#8243; custom_padding=&#8221;40px|||||&#8221;][et_pb_row _builder_version=&#8221;4.4.8&#8243; custom_padding=&#8221;0px|||||&#8221;][et_pb_column type=&#8221;4_4&#8243; _builder_version=&#8221;4.4.8&#8243;][et_pb_dcsbcm_divi_breadcrumbs_module separator=&#8221;sep-pipe&#8221; _builder_version=&#8221;4.4.8&#8243; fontsbreadcrumbs_font_size=&#8221;14px&#8221; fontsbreadcrumblinks_text_color=&#8221;#e09900&#8243;][\/et_pb_dcsbcm_divi_breadcrumbs_module][et_pb_text admin_label=&#8221;H1&#8243; _builder_version=&#8221;4.4.8&#8243; custom_margin=&#8221;||15px||false|false&#8221;]<\/p>\n<h1>BDS \u2013 Business Development and Services Profile.<\/h1>\n<p>[\/et_pb_text][et_pb_divider color=&#8221;#666666&#8243; _builder_version=&#8221;4.4.8&#8243; width=&#8221;100px&#8221;][\/et_pb_divider][\/et_pb_column][\/et_pb_row][et_pb_row column_structure=&#8221;2_3,1_3&#8243; _builder_version=&#8221;4.4.8&#8243; custom_padding=&#8221;0px|||||&#8221;][et_pb_column type=&#8221;2_3&#8243; _builder_version=&#8221;4.4.8&#8243;][et_pb_text _builder_version=&#8221;4.4.8&#8243; header_6_font_size=&#8221;18px&#8221;]<\/p>\n<p>Founded in 2008, the management consultancy BDS &#8211; Business Development and Services supports customers around the world. Our core competences are business and company development as well as optimizing development opportunities for expanding companies.<\/p>\n<p>We support our clients in an advisory function or act as interim managers in which we take on management responsibility in the line. BDS employees demonstrate their expertise every day in international projects for leading companies.<\/p>\n<p>For us, business development means individual advice. There are no standard processes that can be applied equally in all business-related situations. Successful business development is based on a comprehensive and interdisciplinary approach. Creativity and the willingness to question existing thought patterns and to face new and unexpected challenges combined with an analytic approach are important aspects of our consulting services.<\/p>\n<p>[\/et_pb_text][\/et_pb_column][et_pb_column type=&#8221;1_3&#8243; _builder_version=&#8221;4.4.8&#8243;][\/et_pb_column][\/et_pb_row][\/et_pb_section][et_pb_section fb_built=&#8221;1&#8243; admin_label=&#8221;Unternehmen&#8221; _builder_version=&#8221;4.4.8&#8243; background_image=&#8221;https:\/\/bds-germany.com\/wp-content\/uploads\/2020\/06\/hg_grey.png&#8221; background_size=&#8221;initial&#8221; background_position=&#8221;top_left&#8221; background_repeat=&#8221;repeat&#8221; locked=&#8221;off&#8221;][et_pb_row _builder_version=&#8221;4.4.8&#8243; custom_padding=&#8221;0px||0px|||&#8221;][et_pb_column type=&#8221;4_4&#8243; _builder_version=&#8221;4.4.8&#8243;][et_pb_text admin_label=&#8221;H1&#8243; _builder_version=&#8221;4.4.8&#8243; custom_margin=&#8221;||15px||false|false&#8221; locked=&#8221;off&#8221;]<\/p>\n<h1>Management Team of<br \/>BDS \u2013 Business Development and Services.<\/h1>\n<p>[\/et_pb_text][et_pb_divider color=&#8221;#666666&#8243; _builder_version=&#8221;4.4.8&#8243; width=&#8221;100px&#8221;][\/et_pb_divider][et_pb_text _builder_version=&#8221;4.4.8&#8243; header_6_font_size=&#8221;18px&#8221; locked=&#8221;off&#8221;]<\/p>\n<h6>The BDS Management Team<\/h6>\n<p>The BDS management team has extensive top management consulting experience as well as experience within line functions such as in the automotive industry.[\/et_pb_text][\/et_pb_column][\/et_pb_row][et_pb_row column_structure=&#8221;1_2,1_2&#8243; use_custom_gutter=&#8221;on&#8221; make_equal=&#8221;on&#8221; _builder_version=&#8221;4.4.8&#8243; custom_padding=&#8221;30px|||||&#8221; locked=&#8221;off&#8221;][et_pb_column type=&#8221;1_2&#8243; _builder_version=&#8221;4.4.8&#8243; background_color=&#8221;#ffffff&#8221; custom_padding=&#8221;20px|20px|20px|20px|true|true&#8221; box_shadow_color__hover_enabled=&#8221;off|desktop&#8221; box_shadow_color__hover=&#8221;rgba(0,0,0,0.3)&#8221;][et_pb_team_member name=&#8221;Christian Moritsch&#8221; position=&#8221;CEO&#8221; image_url=&#8221;https:\/\/bds-germany.com\/wp-content\/uploads\/2020\/07\/img-christian-moritsch.jpg&#8221; _builder_version=&#8221;4.4.8&#8243; header_level=&#8221;h6&#8243; header_font=&#8221;Open Sans|600|||||||&#8221; header_font_size=&#8221;20px&#8221; position_font_size=&#8221;14px&#8221; body_link_font=&#8221;|600|||||||&#8221; body_link_text_color=&#8221;#e09900&#8243; locked=&#8221;off&#8221;]<\/p>\n<p>&nbsp;<\/p>\n<p><a href=\"m&#97;&#105;&#x6c;&#x74;&#x6f;:&#105;&#110;&#x66;&#x6f;&#x40;bd&#115;&#x2d;&#x67;&#x65;rm&#97;&#110;&#x79;&#x2e;&#x63;o&#109;\">&#105;&#x6e;&#102;&#x6f;&#64;&#98;&#x64;&#115;&#x2d;g&#x65;r&#109;&#x61;&#110;&#x79;&#46;&#x63;&#x6f;&#109;<\/a><\/p>\n<p>Founding partner of BDS. He has many years of consulting experience especially in business development, strategy development, transformation (M&amp;A) and post-merger integration. Mr. Moritsch has been responsible for many projects in the automotive industry, \u2013 working on-site with both manufacturers and suppliers. Before the foundation of BDS, Mr. Moritsch spent much of his career working for a top management consultancy. He has a degree in Applied Business Management from the University of Klagenfurt.<\/p>\n<p>[\/et_pb_team_member][\/et_pb_column][et_pb_column type=&#8221;1_2&#8243; _builder_version=&#8221;4.4.8&#8243; background_color=&#8221;#ffffff&#8221; custom_padding=&#8221;20px|20px|20px|20px|true|true&#8221; box_shadow_color__hover=&#8221;rgba(0,0,0,0.3)&#8221; box_shadow_color__hover_enabled=&#8221;on|hover&#8221;][et_pb_team_member name=&#8221;Siegmund R. Acker&#8221; position=&#8221;Consultant&#8221; image_url=&#8221;https:\/\/bds-germany.com\/wp-content\/uploads\/2020\/07\/img-sigmund-acker.jpg&#8221; _builder_version=&#8221;4.4.8&#8243; header_level=&#8221;h6&#8243; header_font=&#8221;Open Sans|600|||||||&#8221; header_font_size=&#8221;20px&#8221; position_font_size=&#8221;14px&#8221; body_link_font=&#8221;|600|||||||&#8221; body_link_text_color=&#8221;#e09900&#8243; locked=&#8221;off&#8221;]&nbsp;<\/p>\n<p><a href=\"&#x6d;&#97;&#105;l&#x74;&#x6f;&#58;i&#x6e;&#x66;&#111;&#64;&#x62;&#x64;&#115;-&#x67;&#x65;&#114;m&#x61;&#x6e;&#121;&#46;&#x63;&#x6f;&#109;\">i&#110;&#x66;&#x6f;&#x40;b&#100;&#115;&#x2d;&#x67;e&#114;&#109;&#x61;&#x6e;y&#46;&#99;&#x6f;&#x6d;<\/a><\/p>\n<p>Partner at BDS and focuses primarily on purchasing and procurement. He gained his international consulting expertise by heading up a large number of projects that focused on cost reduction and organizational development within purchasing. Before switching to consulting services, he held executive positions for many years in industrial companies, such as General Motors. Mr. Acker has a degree in engineering from the University of Siegen.[\/et_pb_team_member][\/et_pb_column][\/et_pb_row][\/et_pb_section]<\/p>\n","protected":false},"excerpt":{"rendered":"<p>BDS \u2013 Business Development and Services Profile.Founded in 2008, the management consultancy BDS &#8211; Business Development and Services supports customers around the world. Our core competences are business and company development as well as optimizing development opportunities for expanding companies. We support our clients in an advisory function or act as interim managers in which [&hellip;]<\/p>\n","protected":false},"author":1,"featured_media":0,"parent":0,"menu_order":20,"comment_status":"closed","ping_status":"closed","template":"","meta":{"_et_pb_use_builder":"on","_et_pb_old_content":"<p>[et_pb_section fb_built=\"1\" admin_label=\"Header\" _builder_version=\"4.4.8\" background_image=\"https:\/\/bds-germany.com\/wp-content\/uploads\/2020\/06\/hg_grey.png\" background_size=\"initial\" background_position=\"top_left\" background_repeat=\"repeat\" custom_margin=\"0px||0px||true|false\" custom_padding=\"0px||0px|||\"][et_pb_row _builder_version=\"4.4.8\" custom_margin=\"0px||0px||true|false\" custom_padding=\"0px||0px|||\"][et_pb_column type=\"4_4\" _builder_version=\"4.4.8\"][et_pb_image src=\"https:\/\/bds-germany.com\/wp-content\/uploads\/2020\/06\/bds-header-netzwerk.jpg\" title_text=\"bds-header-netzwerk\" _builder_version=\"4.4.8\"][\/et_pb_image][\/et_pb_column][\/et_pb_row][\/et_pb_section][et_pb_section fb_built=\"1\" admin_label=\"Intro-Text\" _builder_version=\"4.4.8\" custom_padding=\"40px|||||\"][et_pb_row _builder_version=\"4.4.8\" custom_padding=\"0px|||||\"][et_pb_column type=\"4_4\" _builder_version=\"4.4.8\"][et_pb_dcsbcm_divi_breadcrumbs_module separator=\"sep-pipe\" _builder_version=\"4.4.8\" fontsbreadcrumbs_font_size=\"14px\" fontsbreadcrumblinks_text_color=\"#e09900\"][\/et_pb_dcsbcm_divi_breadcrumbs_module][et_pb_text admin_label=\"H1\" _builder_version=\"4.4.8\" custom_margin=\"||15px||false|false\"]<\/p><h1>Das Profil von BDS-Business Development and Services.<\/h1><p>[\/et_pb_text][et_pb_divider color=\"#666666\" _builder_version=\"4.4.8\" width=\"100px\"][\/et_pb_divider][\/et_pb_column][\/et_pb_row][et_pb_row column_structure=\"2_3,1_3\" _builder_version=\"4.4.8\" custom_padding=\"0px|||||\"][et_pb_column type=\"2_3\" _builder_version=\"4.4.8\"][et_pb_text _builder_version=\"4.4.8\" header_6_font_size=\"18px\"]<\/p><p>Die im Jahr 2008 gegr\u00fcndete Unternehmensberatung Business Development and Services (BDS) ist <strong><span class=\"head\">international<\/span><\/strong> t\u00e4tig.<\/p><p>Die Kernkompetenzen liegen in der<strong><span class=\"head\"> Gesch\u00e4ftsfeld- und Unternehmensentwicklung<\/span><\/strong> sowie der <strong><span class=\"head\">Optimierung der Entwicklungschancen<\/span><\/strong> bestehender Unternehmen. Dar\u00fcber hinaus beraten wir unsere Klienten in der <strong><span class=\"head\">operativen Verbesserung<\/span><\/strong> des Unternehmensergebnisses mit Schwerpunkt Einkauf.<\/p><p>Wir stehen unseren Kunden sowohl beratend zur Seite als auch in Interim-Management-Positionen, in denen wir F\u00fchrungsverantwortung in der Linie \u00fcbernehmen. In internationalen Projekten f\u00fcr f\u00fchrende Unternehmen stellen die Mitarbeiter von BDS tagt\u00e4glich ihr K\u00f6nnen unter Beweis.<\/p><p>Business Development bedeutet f\u00fcr uns individuelle Beratung. Es gibt keine Standardverfahren, die in allen unternehmensbezogenen Situationen gleicherma\u00dfen angewendet werden k\u00f6nnen. Erfolgreiches Business Development gr\u00fcndet auf einem <strong><span class=\"head\">interdisziplin\u00e4ren Ansatz<\/span><\/strong>. Kreativit\u00e4t und die Bereitschaft, bestehende Denkmuster in Frage zu stellen und sich neuen und unvorhergesehenen Herausforderungen zu stellen, sind neben unserer analytischen Denkweise ein wesentliches Merkmal unserer Beratungsleistung.<\/p><p>[\/et_pb_text][\/et_pb_column][et_pb_column type=\"1_3\" _builder_version=\"4.4.8\"][\/et_pb_column][\/et_pb_row][\/et_pb_section][et_pb_section fb_built=\"1\" admin_label=\"Unternehmen\" _builder_version=\"4.4.8\" background_image=\"https:\/\/bds-germany.com\/wp-content\/uploads\/2020\/06\/hg_grey.png\" background_size=\"initial\" background_position=\"top_left\" background_repeat=\"repeat\" locked=\"off\"][et_pb_row _builder_version=\"4.4.8\" custom_padding=\"0px||0px|||\"][et_pb_column type=\"4_4\" _builder_version=\"4.4.8\"][et_pb_text admin_label=\"H1\" _builder_version=\"4.4.8\" custom_margin=\"||15px||false|false\" locked=\"off\"]<\/p><h1>Das Management Team von<br \/>BDS-Business Development and Services.<\/h1><p>[\/et_pb_text][et_pb_divider color=\"#666666\" _builder_version=\"4.4.8\" width=\"100px\"][\/et_pb_divider][et_pb_text _builder_version=\"4.4.8\" header_6_font_size=\"18px\" locked=\"off\"]<\/p><h6>Das Management Team von Business Development and Services<\/h6><p>Das Management Team von BDS verf\u00fcgen \u00fcber jahrelange Erfahrung sowohl bei Top-Managementberatungen als auch in Linienfunktionen, zum Beispiel in der Automobilindustrie.<\/p><p>[\/et_pb_text][\/et_pb_column][\/et_pb_row][et_pb_row column_structure=\"1_2,1_2\" use_custom_gutter=\"on\" make_equal=\"on\" _builder_version=\"4.4.8\" custom_padding=\"30px|||||\" locked=\"off\"][et_pb_column type=\"1_2\" _builder_version=\"4.4.8\" background_color=\"#ffffff\" custom_padding=\"20px|20px|20px|20px|true|true\" box_shadow_color__hover_enabled=\"off|desktop\" box_shadow_color__hover=\"rgba(0,0,0,0.3)\"][et_pb_team_member name=\"Christian Moritsch\" position=\"Gesch\u00e4ftsf\u00fchrer\" image_url=\"https:\/\/bds-germany.com\/wp-content\/uploads\/2020\/07\/img-christian-moritsch.jpg\" _builder_version=\"4.4.8\" header_level=\"h6\" header_font=\"Open Sans|600|||||||\" header_font_size=\"20px\" position_font_size=\"14px\" body_link_font=\"|600|||||||\" body_link_text_color=\"#e09900\" hover_enabled=\"0\" locked=\"off\" title_text=\"img-christian-moritsch\"]<\/p><p>\u00a0<\/p><p><a class=\"footer_btn\" href=\"mailto:info@bds-germany.com\">info@bds-germany.com<\/a><\/p><p>Gr\u00fcndungspartner von BDS. Er verf\u00fcgt \u00fcber langj\u00e4hrige Beratungserfahrung mit Schwerpunkten im Bereich Business Development, Strategieentwicklung, Transformation sowie Post-Merger-Integration. Hr. Moritsch hat insbesondere viele Projekte in der Automobilindustrie \u2013 sowohl bei Herstellern als auch bei Zulieferunternehmen \u2013 verantwortet. Vor der Gr\u00fcndung von BDS war Hr. Moritsch jahrelang f\u00fcr eine Top-Management-Beratung t\u00e4tig. Er hat einen Abschluss in Angewandter Betriebswirtschaftslehre an der Universit\u00e4t Klagenfurt.<\/p><p>[\/et_pb_team_member][\/et_pb_column][et_pb_column type=\"1_2\" _builder_version=\"4.4.8\" background_color=\"#ffffff\" custom_padding=\"20px|20px|20px|20px|true|true\" box_shadow_color__hover=\"rgba(0,0,0,0.3)\" box_shadow_color__hover_enabled=\"on|hover\"][et_pb_team_member name=\"Siegmund R. Acker\" position=\"Beratung\" image_url=\"https:\/\/bds-germany.com\/wp-content\/uploads\/2020\/07\/img-sigmund-acker.jpg\" _builder_version=\"4.4.8\" header_level=\"h6\" header_font=\"Open Sans|600|||||||\" header_font_size=\"20px\" position_font_size=\"14px\" body_link_font=\"|600|||||||\" body_link_text_color=\"#e09900\" hover_enabled=\"0\" locked=\"off\" title_text=\"img-sigmund-acker\"]<\/p><p>\u00a0<\/p><p><a class=\"footer_btn\" href=\"mailto:info@bds-germany.com\">info@bds-germany.com<\/a><\/p><p>Partner bei BDS und fokussiert sich vor allem auf den Bereich Einkauf und Beschaffung. Im Rahmen seiner internationalen Beratungs\u00aderfahrung leitete er eine Vielzahl von Projekten mit Schwerpunkt Kostensenkung und Organisations\u00adentwicklung im Einkauf. Vor seinem Einstieg in die Unternehmens\u00adberatung war er jahrelang in leitenden Positionen in der Industrie, unter anderem bei General Motors t\u00e4tig. Siegmund R. Acker hat einen Abschluss als Diplom-Ingenieur an der Universit\u00e4t Siegen.<\/p><p>[\/et_pb_team_member][\/et_pb_column][\/et_pb_row][\/et_pb_section]<\/p>","_et_gb_content_width":"","footnotes":""},"class_list":["post-642","page","type-page","status-publish","hentry"],"_links":{"self":[{"href":"https:\/\/bds-germany.com\/en\/wp-json\/wp\/v2\/pages\/642","targetHints":{"allow":["GET"]}}],"collection":[{"href":"https:\/\/bds-germany.com\/en\/wp-json\/wp\/v2\/pages"}],"about":[{"href":"https:\/\/bds-germany.com\/en\/wp-json\/wp\/v2\/types\/page"}],"author":[{"embeddable":true,"href":"https:\/\/bds-germany.com\/en\/wp-json\/wp\/v2\/users\/1"}],"replies":[{"embeddable":true,"href":"https:\/\/bds-germany.com\/en\/wp-json\/wp\/v2\/comments?post=642"}],"version-history":[{"count":0,"href":"https:\/\/bds-germany.com\/en\/wp-json\/wp\/v2\/pages\/642\/revisions"}],"wp:attachment":[{"href":"https:\/\/bds-germany.com\/en\/wp-json\/wp\/v2\/media?parent=642"}],"curies":[{"name":"wp","href":"https:\/\/api.w.org\/{rel}","templated":true}]}}